{"id":1175,"date":"2025-03-10T11:40:35","date_gmt":"2025-03-10T14:40:35","guid":{"rendered":"https:\/\/www.cotela.cl\/sitio\/?page_id=1175"},"modified":"2025-03-10T11:49:41","modified_gmt":"2025-03-10T14:49:41","slug":"appoderado","status":"publish","type":"page","link":"https:\/\/www.cotela.cl\/sitio\/?page_id=1175","title":{"rendered":"Appoderado"},"content":{"rendered":"\t\t<div data-elementor-type=\"wp-page\" data-elementor-id=\"1175\" class=\"elementor elementor-1175\" data-elementor-post-type=\"page\">\n\t\t\t\t<div class=\"elementor-element elementor-element-7625b13 e-flex e-con-boxed e-con e-parent\" data-id=\"7625b13\" data-element_type=\"container\" data-e-type=\"container\">\n\t\t\t\t\t<div class=\"e-con-inner\">\n\t\t\t\t<div class=\"elementor-element elementor-element-c1cef8e elementor-widget elementor-widget-heading\" data-id=\"c1cef8e\" data-element_type=\"widget\" data-e-type=\"widget\" data-widget_type=\"heading.default\">\n\t\t\t\t<div class=\"elementor-widget-container\">\n\t\t\t\t\t<h3 class=\"elementor-heading-title elementor-size-default\">Toda tu Escuela... \u00a1A un solo Click!<\/h3>\t\t\t\t<\/div>\n\t\t\t\t<\/div>\n\t\t\t\t\t<\/div>\n\t\t\t\t<\/div>\n\t\t<div class=\"elementor-element elementor-element-97a6015 e-flex e-con-boxed e-con e-parent\" data-id=\"97a6015\" data-element_type=\"container\" data-e-type=\"container\">\n\t\t\t\t\t<div class=\"e-con-inner\">\n\t\t<div class=\"elementor-element elementor-element-b3962e9 e-con-full e-flex e-con e-child\" data-id=\"b3962e9\" data-element_type=\"container\" data-e-type=\"container\">\n\t\t\t\t<div class=\"elementor-element elementor-element-195027c elementor-widget elementor-widget-heading\" data-id=\"195027c\" data-element_type=\"widget\" data-e-type=\"widget\" data-widget_type=\"heading.default\">\n\t\t\t\t<div class=\"elementor-widget-container\">\n\t\t\t\t\t<h4 class=\"elementor-heading-title elementor-size-default\">Tutorial Descarga App Apoderados Android e IOS<\/h4>\t\t\t\t<\/div>\n\t\t\t\t<\/div>\n\t\t\t\t<div class=\"elementor-element elementor-element-de0a83e elementor-widget elementor-widget-video\" data-id=\"de0a83e\" data-element_type=\"widget\" data-e-type=\"widget\" data-settings=\"{&quot;video_type&quot;:&quot;hosted&quot;,&quot;controls&quot;:&quot;yes&quot;}\" data-widget_type=\"video.default\">\n\t\t\t\t<div class=\"elementor-widget-container\">\n\t\t\t\t\t\t\t<div class=\"e-hosted-video elementor-wrapper elementor-open-inline\">\n\t\t\t\t\t<video class=\"elementor-video\" src=\"https:\/\/www.cotela.cl\/sitio\/wp-content\/uploads\/2025\/03\/Descarga-App-Apoderados-Android-e-IOS-Appoderado.mp4\" controls=\"\" preload=\"metadata\" controlsList=\"nodownload\"><\/video>\n\t\t\t\t<\/div>\n\t\t\t\t\t\t<\/div>\n\t\t\t\t<\/div>\n\t\t\t\t<\/div>\n\t\t<div class=\"elementor-element elementor-element-3fe45e3 e-con-full e-flex e-con e-child\" data-id=\"3fe45e3\" data-element_type=\"container\" data-e-type=\"container\">\n\t\t<div class=\"elementor-element elementor-element-ba05bb1 e-con-full e-flex e-con e-child\" data-id=\"ba05bb1\" data-element_type=\"container\" data-e-type=\"container\">\n\t\t\t\t<div class=\"elementor-element elementor-element-5b4b72f elementor-cta--skin-classic elementor-animated-content elementor-bg-transform elementor-bg-transform-zoom-in elementor-widget elementor-widget-call-to-action\" data-id=\"5b4b72f\" data-element_type=\"widget\" data-e-type=\"widget\" data-widget_type=\"call-to-action.default\">\n\t\t\t\t<div class=\"elementor-widget-container\">\n\t\t\t\t\t\t\t<a class=\"elementor-cta\" href=\"https:\/\/web.appoderado.cl\/app-apoderado\">\n\t\t\t\t\t<div class=\"elementor-cta__bg-wrapper\">\n\t\t\t\t<div class=\"elementor-cta__bg elementor-bg\" style=\"background-image: url(https:\/\/www.cotela.cl\/sitio\/wp-content\/uploads\/2025\/03\/landing_appoderado-1024x538.png);\" role=\"img\" aria-label=\"landing_appoderado\"><\/div>\n\t\t\t\t<div class=\"elementor-cta__bg-overlay\"><\/div>\n\t\t\t<\/div>\n\t\t\t\t\t\t\t<div class=\"elementor-cta__content\">\n\t\t\t\t\n\t\t\t\t\t\t\t\t\t<h2 class=\"elementor-cta__title elementor-cta__content-item elementor-content-item\">\n\t\t\t\t\t\tComunicaci\u00f3n con la Familia\t\t\t\t\t<\/h2>\n\t\t\t\t\n\t\t\t\t\t\t\t\t\t<div class=\"elementor-cta__description elementor-cta__content-item elementor-content-item\">\n\t\t\t\t\t\t\u00a1Una familia informada es una familia feliz! Por medio de nuestra app m\u00f3vil para familias, los apoderados recibir\u00e1n: comunicaciones, notas, observaciones, asistencia, y toda la informaci\u00f3n acad\u00e9mica de sus hijos.\t\t\t\t\t<\/div>\n\t\t\t\t\n\t\t\t\t\t\t\t\t\t<div class=\"elementor-cta__button-wrapper elementor-cta__content-item elementor-content-item \">\n\t\t\t\t\t<span class=\"elementor-cta__button elementor-button elementor-size-\">\n\t\t\t\t\t\t\u00a1Descarga la App para Apoderados!\t\t\t\t\t<\/span>\n\t\t\t\t\t<\/div>\n\t\t\t\t\t\t\t<\/div>\n\t\t\t\t\t\t<\/a>\n\t\t\t\t\t\t<\/div>\n\t\t\t\t<\/div>\n\t\t\t\t<\/div>\n\t\t\t\t<\/div>\n\t\t\t\t\t<\/div>\n\t\t\t\t<\/div>\n\t\t\t\t<\/div>\n\t\t","protected":false},"excerpt":{"rendered":"<p>Toda tu Escuela&#8230; \u00a1A un solo Click! Tutorial Descarga App Apoderados Android e IOS https:\/\/www.cotela.cl\/sitio\/wp-content\/uploads\/2025\/03\/Descarga-App-Apoderados-Android-e-IOS-Appoderado.mp4 Comunicaci\u00f3n con la Familia \u00a1Una familia informada es una familia feliz! Por medio de nuestra app m\u00f3vil para familias, los apoderados recibir\u00e1n: comunicaciones, notas, observaciones, asistencia, y toda la informaci\u00f3n acad\u00e9mica de sus hijos. \u00a1Descarga la App para Apoderados!<\/p>\n","protected":false},"author":1,"featured_media":0,"parent":0,"menu_order":0,"comment_status":"closed","ping_status":"closed","template":"","meta":{"footnotes":""},"class_list":["post-1175","page","type-page","status-publish","hentry"],"_links":{"self":[{"href":"https:\/\/www.cotela.cl\/sitio\/index.php?rest_route=\/wp\/v2\/pages\/1175","targetHints":{"allow":["GET"]}}],"collection":[{"href":"https:\/\/www.cotela.cl\/sitio\/index.php?rest_route=\/wp\/v2\/pages"}],"about":[{"href":"https:\/\/www.cotela.cl\/sitio\/index.php?rest_route=\/wp\/v2\/types\/page"}],"author":[{"embeddable":true,"href":"https:\/\/www.cotela.cl\/sitio\/index.php?rest_route=\/wp\/v2\/users\/1"}],"replies":[{"embeddable":true,"href":"https:\/\/www.cotela.cl\/sitio\/index.php?rest_route=%2Fwp%2Fv2%2Fcomments&post=1175"}],"version-history":[{"count":10,"href":"https:\/\/www.cotela.cl\/sitio\/index.php?rest_route=\/wp\/v2\/pages\/1175\/revisions"}],"predecessor-version":[{"id":1187,"href":"https:\/\/www.cotela.cl\/sitio\/index.php?rest_route=\/wp\/v2\/pages\/1175\/revisions\/1187"}],"wp:attachment":[{"href":"https:\/\/www.cotela.cl\/sitio\/index.php?rest_route=%2Fwp%2Fv2%2Fmedia&parent=1175"}],"curies":[{"name":"wp","href":"https:\/\/api.w.org\/{rel}","templated":true}]}}